{"id":13,"date":"2023-10-02T15:58:19","date_gmt":"2023-10-02T13:58:19","guid":{"rendered":"https:\/\/expoloc.wum.de\/?page_id=13"},"modified":"2025-11-20T12:41:20","modified_gmt":"2025-11-20T10:41:20","slug":"home","status":"publish","type":"page","link":"https:\/\/expoloc.wum.de\/","title":{"rendered":"Home"},"content":{"rendered":"<p>[et_pb_section fb_built=&#8220;1&#8243; module_id=&#8220;technologie&#8220; _builder_version=&#8220;4.22.2&#8243; _module_preset=&#8220;default&#8220; custom_padding=&#8220;||0px||false|false&#8220; global_colors_info=&#8220;{}&#8220;][et_pb_row column_structure=&#8220;3_5,2_5&#8243; _builder_version=&#8220;4.22.2&#8243; _module_preset=&#8220;default&#8220; global_colors_info=&#8220;{}&#8220;][et_pb_column type=&#8220;3_5&#8243; _builder_version=&#8220;4.22.2&#8243; _module_preset=&#8220;default&#8220; global_colors_info=&#8220;{}&#8220;][et_pb_text _builder_version=&#8220;4.22.2&#8243; _module_preset=&#8220;default&#8220; max_width=&#8220;700px&#8220; custom_padding=&#8220;10px|||20px|false|false&#8220; border_width_left=&#8220;2px&#8220; border_color_left=&#8220;#1a7ae6&#8243; global_colors_info=&#8220;{}&#8220;]<\/p>\n<h2><strong>ExpoLoc<\/strong> erfasst und lokalisiert die Handys der Messebesucher<\/h2>\n<p>[\/et_pb_text][et_pb_text _builder_version=&#8220;4.22.2&#8243; _module_preset=&#8220;default&#8220; text_font_size=&#8220;18px&#8220; max_width=&#8220;700px&#8220; custom_padding=&#8220;|||22px|false|false&#8220; global_colors_info=&#8220;{}&#8220;]Mit ExpoLoc lernen Sie die Reaktionen der Messebesucher auf Ihre Messepr\u00e4senz in Zahlen kennen. Hierf\u00fcr misst der Sensor Anzahl und Aufenthaltszeit der Besucher auf dem Messestand, in bestimmten Zonen auf dem Stand, im Messegang und in einem Umkreis von 50&nbsp;m in der Halle.[\/et_pb_text][et_pb_image src=&#8220;https:\/\/expoloc.wum.de\/wp-content\/uploads\/2023\/09\/crowd.png&#8220; _builder_version=&#8220;4.22.2&#8243; _module_preset=&#8220;default&#8220; max_width=&#8220;400px&#8220; custom_margin=&#8220;|20px||20px|false|true&#8220; global_colors_info=&#8220;{}&#8220;][\/et_pb_image][\/et_pb_column][et_pb_column type=&#8220;2_5&#8243; _builder_version=&#8220;4.22.2&#8243; _module_preset=&#8220;default&#8220; global_colors_info=&#8220;{}&#8220;][et_pb_image src=&#8220;https:\/\/expoloc.wum.de\/wp-content\/uploads\/2023\/09\/schema.png&#8220; align=&#8220;center&#8220; _builder_version=&#8220;4.22.2&#8243; _module_preset=&#8220;default&#8220; max_width=&#8220;400px&#8220; global_colors_info=&#8220;{}&#8220;][\/et_pb_image][\/et_pb_column][\/et_pb_row][et_pb_row column_structure=&#8220;2_5,3_5&#8243; _builder_version=&#8220;4.27.4&#8243; _module_preset=&#8220;default&#8220; custom_padding=&#8220;0px||0px||true|false&#8220; hover_enabled=&#8220;0&#8243; global_colors_info=&#8220;{}&#8220; use_custom_gutter=&#8220;on&#8220; gutter_width=&#8220;1&#8243; sticky_enabled=&#8220;0&#8243;][et_pb_column type=&#8220;2_5&#8243; _builder_version=&#8220;4.22.2&#8243; _module_preset=&#8220;default&#8220; global_colors_info=&#8220;{}&#8220;][\/et_pb_column][et_pb_column type=&#8220;3_5&#8243; _builder_version=&#8220;4.22.2&#8243; _module_preset=&#8220;default&#8220; global_colors_info=&#8220;{}&#8220;][et_pb_blurb image=&#8220;https:\/\/expoloc.wum.de\/wp-content\/uploads\/2025\/11\/sensor_v2.jpg&#8220; icon_placement=&#8220;left&#8220; image_icon_width=&#8220;300px&#8220; content_max_width=&#8220;100%&#8220; icon_placement_tablet=&#8220;left&#8220; icon_placement_phone=&#8220;top&#8220; icon_placement_last_edited=&#8220;on|phone&#8220; content_tablet=&#8220;<\/p>\n<h3 style=%22margin-top: 100px;%22><strong>ExpoLoc<\/strong> Sensor<\/h3>\n<p><strong>Der Kleine mit dem gro\u00dfen Datenhunger:<\/strong><br \/>\nklein, fortschrittlich, flexible Montage\u00adm\u00f6glichkeit, unauff\u00e4llig, ben\u00f6tigt nur Strom.&#8220; content_phone=&#8220;<\/p>\n<h3 %22><strong>ExpoLoc<\/strong> Sensor<\/h3>\n<p><strong>Der Kleine mit dem gro\u00dfen Datenhunger:<\/strong><br \/>\nklein, fortschrittlich, flexible Montage\u00adm\u00f6glichkeit, unauff\u00e4llig, ben\u00f6tigt nur Strom.&#8220; content_last_edited=&#8220;on|phone&#8220; _builder_version=&#8220;4.27.4&#8243; _module_preset=&#8220;default&#8220; body_font_size=&#8220;16px&#8220; image_icon_custom_margin=&#8220;|20px||20px|false|true&#8220; module_alignment=&#8220;left&#8220; animation=&#8220;off&#8220; hover_enabled=&#8220;0&#8243; global_colors_info=&#8220;{}&#8220; sticky_enabled=&#8220;0&#8243;]<\/p>\n<h3 style=\"margin-top: 100px;\"><strong>ExpoLoc<\/strong> Sensor<\/h3>\n<p><strong>Der Kleine mit dem gro\u00dfen Datenhunger:<\/strong><br \/>klein, fortschrittlich, flexible Montage\u00adm\u00f6glichkeit, unauff\u00e4llig, ben\u00f6tigt nur Strom.<\/p>\n<p>[\/et_pb_blurb][\/et_pb_column][\/et_pb_row][\/et_pb_section][et_pb_section fb_built=&#8220;1&#8243; module_id=&#8220;report&#8220; _builder_version=&#8220;4.22.2&#8243; _module_preset=&#8220;default&#8220; custom_padding=&#8220;||||false|false&#8220; global_colors_info=&#8220;{}&#8220;][et_pb_row column_structure=&#8220;3_5,2_5&#8243; _builder_version=&#8220;4.22.2&#8243; _module_preset=&#8220;default&#8220; custom_padding=&#8220;||||false|false&#8220; global_colors_info=&#8220;{}&#8220;][et_pb_column type=&#8220;3_5&#8243; _builder_version=&#8220;4.22.2&#8243; _module_preset=&#8220;default&#8220; global_colors_info=&#8220;{}&#8220;][et_pb_text _builder_version=&#8220;4.22.2&#8243; _module_preset=&#8220;default&#8220; max_width=&#8220;700px&#8220; custom_padding=&#8220;10px|||20px|false|false&#8220; border_width_left=&#8220;2px&#8220; border_color_left=&#8220;#1a7ae6&#8243; locked=&#8220;off&#8220; global_colors_info=&#8220;{}&#8220;]<\/p>\n<h2>Sehen, was z\u00e4hlt:<br \/>Der <strong>ExpoLoc<\/strong> Report<\/h2>\n<p>[\/et_pb_text][et_pb_text _builder_version=&#8220;4.22.2&#8243; _module_preset=&#8220;default&#8220; text_font_size=&#8220;18px&#8220; max_width=&#8220;700px&#8220; custom_padding=&#8220;|||22px|false|false&#8220; locked=&#8220;off&#8220; global_colors_info=&#8220;{}&#8220;]<\/p>\n<p>Die Auswertung der Ergebnisse erhalten Sie von uns mit dem ExpoLoc Report (PDF-Datei). Mit <strong>ExpoLoc Single<\/strong> erfahren Sie, wieviele Besucher wann auf Ihrem Stand waren, und auch wieviele Passanten und Hallenbesucher (Umkreis 50 m) es gab. Wieviele Besucher sich davon f\u00fcr ein Exponat oder eine Messeaktion interessiert haben, sagt ihnen <strong>ExpoLoc Compare<\/strong>. Oder auch, welches Exponat gr\u00f6\u00dferes Interesse als ein anderes hatte. Pro Aktion oder Exponat wird dann ein weiterer Sensor ben\u00f6tigt.<br \/>Mit <strong>ExpoLoc Enhance<\/strong> erhalten Sie den Vergleich sogar von Messe zu Messe und profitieren von 15 % Fr\u00fchbucherrabatt, wenn sie ExpoLoc f\u00fcr die Folgemesse sofort mitbestellen.<\/p>\n<p>[\/et_pb_text][\/et_pb_column][et_pb_column type=&#8220;2_5&#8243; _builder_version=&#8220;4.22.2&#8243; _module_preset=&#8220;default&#8220; global_colors_info=&#8220;{}&#8220;][\/et_pb_column][\/et_pb_row][et_pb_row _builder_version=&#8220;4.22.2&#8243; _module_preset=&#8220;default&#8220; global_colors_info=&#8220;{}&#8220;][et_pb_column type=&#8220;4_4&#8243; _builder_version=&#8220;4.22.2&#8243; _module_preset=&#8220;default&#8220; global_colors_info=&#8220;{}&#8220;][et_pb_slider arrows_custom_color=&#8220;#1a7ae6&#8243; dot_nav_custom_color=&#8220;#FFFFFF&#8220; module_class=&#8220;mydots&#8220; _builder_version=&#8220;4.27.4&#8243; _module_preset=&#8220;default&#8220; background_color=&#8220;#ffffff&#8220; height=&#8220;700px&#8220; height_tablet=&#8220;55vw&#8220; height_phone=&#8220;55vw&#8220; height_last_edited=&#8220;on|tablet&#8220; custom_margin=&#8220;||||false|false&#8220; custom_padding=&#8220;||||false|false&#8220; auto=&#8220;on&#8220; auto_speed=&#8220;3000&#8243; hover_enabled=&#8220;0&#8243; global_colors_info=&#8220;{}&#8220; sticky_enabled=&#8220;0&#8243;][et_pb_slide _builder_version=&#8220;4.27.4&#8243; _module_preset=&#8220;default&#8220; background_enable_color=&#8220;off&#8220; background_image=&#8220;https:\/\/expoloc.wum.de\/wp-content\/uploads\/2025\/11\/gesamtauswertung@2x.png&#8220; background_enable_image=&#8220;on&#8220; background_size=&#8220;contain&#8220; hover_enabled=&#8220;0&#8243; global_colors_info=&#8220;{}&#8220; sticky_transition=&#8220;on&#8220; sticky_enabled=&#8220;0&#8243;][\/et_pb_slide][et_pb_slide _builder_version=&#8220;4.27.4&#8243; _module_preset=&#8220;default&#8220; background_enable_color=&#8220;off&#8220; background_image=&#8220;https:\/\/expoloc.wum.de\/wp-content\/uploads\/2025\/11\/tagesvergleich@2x.png&#8220; background_enable_image=&#8220;on&#8220; background_size=&#8220;contain&#8220; hover_enabled=&#8220;0&#8243; global_colors_info=&#8220;{}&#8220; sticky_transition=&#8220;on&#8220; sticky_enabled=&#8220;0&#8243;][\/et_pb_slide][et_pb_slide _builder_version=&#8220;4.27.4&#8243; _module_preset=&#8220;default&#8220; background_enable_color=&#8220;off&#8220; background_image=&#8220;https:\/\/expoloc.wum.de\/wp-content\/uploads\/2025\/11\/stundenvergleich@2x.png&#8220; background_enable_image=&#8220;on&#8220; background_size=&#8220;contain&#8220; hover_enabled=&#8220;0&#8243; global_colors_info=&#8220;{}&#8220; sticky_transition=&#8220;on&#8220; sticky_enabled=&#8220;0&#8243;][\/et_pb_slide][et_pb_slide _builder_version=&#8220;4.27.4&#8243; _module_preset=&#8220;default&#8220; background_enable_color=&#8220;off&#8220; background_image=&#8220;https:\/\/expoloc.wum.de\/wp-content\/uploads\/2025\/11\/zonenvergleich@2x.png&#8220; background_enable_image=&#8220;on&#8220; background_size=&#8220;contain&#8220; hover_enabled=&#8220;0&#8243; global_colors_info=&#8220;{}&#8220; sticky_transition=&#8220;on&#8220; sticky_enabled=&#8220;0&#8243;][\/et_pb_slide][et_pb_slide _builder_version=&#8220;4.27.4&#8243; _module_preset=&#8220;default&#8220; background_enable_color=&#8220;off&#8220; background_image=&#8220;https:\/\/expoloc.wum.de\/wp-content\/uploads\/2025\/11\/besucherinteresse@2x.png&#8220; background_enable_image=&#8220;on&#8220; background_size=&#8220;contain&#8220; hover_enabled=&#8220;0&#8243; global_colors_info=&#8220;{}&#8220; sticky_transition=&#8220;on&#8220; sticky_enabled=&#8220;0&#8243;][\/et_pb_slide][et_pb_slide _builder_version=&#8220;4.27.4&#8243; _module_preset=&#8220;default&#8220; background_enable_color=&#8220;off&#8220; background_image=&#8220;https:\/\/expoloc.wum.de\/wp-content\/uploads\/2025\/11\/besucherwege@2x.png&#8220; background_enable_image=&#8220;on&#8220; background_size=&#8220;contain&#8220; hover_enabled=&#8220;0&#8243; global_colors_info=&#8220;{}&#8220; sticky_transition=&#8220;on&#8220; sticky_enabled=&#8220;0&#8243;][\/et_pb_slide][et_pb_slide _builder_version=&#8220;4.27.4&#8243; _module_preset=&#8220;default&#8220; background_enable_color=&#8220;off&#8220; background_image=&#8220;https:\/\/expoloc.wum.de\/wp-content\/uploads\/2025\/11\/messbereiche@2x.png&#8220; background_enable_image=&#8220;on&#8220; background_size=&#8220;contain&#8220; hover_enabled=&#8220;0&#8243; global_colors_info=&#8220;{}&#8220; sticky_transition=&#8220;on&#8220; sticky_enabled=&#8220;0&#8243;][\/et_pb_slide][\/et_pb_slider][\/et_pb_column][\/et_pb_row][\/et_pb_section][et_pb_section fb_built=&#8220;1&#8243; module_id=&#8220;preise&#8220; _builder_version=&#8220;4.22.2&#8243; _module_preset=&#8220;default&#8220; custom_padding=&#8220;0px||||false|false&#8220; global_colors_info=&#8220;{}&#8220;][et_pb_row column_structure=&#8220;3_5,2_5&#8243; _builder_version=&#8220;4.22.2&#8243; _module_preset=&#8220;default&#8220; custom_margin=&#8220;||||false|false&#8220; custom_padding=&#8220;||||false|false&#8220; global_colors_info=&#8220;{}&#8220;][et_pb_column type=&#8220;3_5&#8243; _builder_version=&#8220;4.22.2&#8243; _module_preset=&#8220;default&#8220; global_colors_info=&#8220;{}&#8220;][et_pb_text _builder_version=&#8220;4.22.2&#8243; _module_preset=&#8220;default&#8220; max_width=&#8220;700px&#8220; custom_padding=&#8220;10px|||20px|false|false&#8220; border_width_left=&#8220;2px&#8220; border_color_left=&#8220;#1a7ae6&#8243; locked=&#8220;off&#8220; global_colors_info=&#8220;{}&#8220;]<\/p>\n<h2>Ma\u00dfgeschneidert f\u00fcr sie:<br \/>unser attraktives <strong>ExpoLoc<\/strong> Preismodell<\/h2>\n<p>[\/et_pb_text][et_pb_text _builder_version=&#8220;4.22.2&#8243; _module_preset=&#8220;default&#8220; text_font_size=&#8220;18px&#8220; max_width=&#8220;700px&#8220; custom_margin=&#8220;||||false|false&#8220; custom_padding=&#8220;|||22px|false|false&#8220; locked=&#8220;off&#8220; global_colors_info=&#8220;{}&#8220;]<\/p>\n<p>Der Installationsaufwand ist erfreulich gering. Bei einem WUM-Messestand ist die Installation gratis dabei. Gerne installieren wir auch auf anderen Messest\u00e4nden. Fragen Sie den Aufwand bitte bei uns an, oder wir schicken Ihrem Messebauer die Sensoren mit einer kurzen Beschreibung zu.<\/p>\n<p>[\/et_pb_text][\/et_pb_column][et_pb_column type=&#8220;2_5&#8243; _builder_version=&#8220;4.22.2&#8243; _module_preset=&#8220;default&#8220; global_colors_info=&#8220;{}&#8220;][\/et_pb_column][\/et_pb_row][et_pb_row column_structure=&#8220;1_2,1_2&#8243; make_equal=&#8220;on&#8220; _builder_version=&#8220;4.27.4&#8243; _module_preset=&#8220;default&#8220; hover_enabled=&#8220;0&#8243; global_colors_info=&#8220;{}&#8220; sticky_enabled=&#8220;0&#8243; max_width=&#8220;800px&#8220;][et_pb_column type=&#8220;1_2&#8243; _builder_version=&#8220;4.22.2&#8243; _module_preset=&#8220;default&#8220; background_color=&#8220;rgba(26,122,230,0.1)&#8220; custom_padding=&#8220;30px|30px|30px|30px|true|true&#8220; border_radii=&#8220;on|8px|8px|8px|8px&#8220; global_colors_info=&#8220;{}&#8220;][et_pb_text _builder_version=&#8220;4.22.2&#8243; _module_preset=&#8220;default&#8220; text_font_size=&#8220;18px&#8220; global_colors_info=&#8220;{}&#8220;]<\/p>\n<h3 style=\"color: #1a7ae6;\"><strong>ExpoLoc<\/strong> Single<\/h3>\n<ul>\n<li>Ein Sensor<\/li>\n<li>Messung von Stand-, Gang-<br \/>und Hallenbesuchern<\/li>\n<li>Tages- und Stundenauswertung<\/li>\n<\/ul>\n<p>[\/et_pb_text][et_pb_image src=&#8220;https:\/\/expoloc.wum.de\/wp-content\/uploads\/2025\/11\/single@2x.png&#8220; _builder_version=&#8220;4.27.4&#8243; _module_preset=&#8220;default&#8220; max_width=&#8220;300px&#8220; custom_margin=&#8220;72px||||false|false&#8220; custom_margin_tablet=&#8220;0px||||false|false&#8220; custom_margin_phone=&#8220;0px||||false|false&#8220; custom_margin_last_edited=&#8220;on|tablet&#8220; hover_enabled=&#8220;0&#8243; global_colors_info=&#8220;{}&#8220; sticky_enabled=&#8220;0&#8243;][\/et_pb_image][\/et_pb_column][et_pb_column type=&#8220;1_2&#8243; _builder_version=&#8220;4.22.2&#8243; _module_preset=&#8220;default&#8220; background_color=&#8220;rgba(26,122,230,0.1)&#8220; custom_padding=&#8220;30px|30px|30px|30px|true|true&#8220; border_radii=&#8220;on|8px|8px|8px|8px&#8220; global_colors_info=&#8220;{}&#8220;][et_pb_text _builder_version=&#8220;4.27.4&#8243; _module_preset=&#8220;default&#8220; text_font_size=&#8220;18px&#8220; hover_enabled=&#8220;0&#8243; global_colors_info=&#8220;{}&#8220; sticky_enabled=&#8220;0&#8243;]<\/p>\n<h3 style=\"color: #1a7ae6;\"><strong>ExpoLoc<\/strong> Multi<\/h3>\n<ul>\n<li>Zwei oder mehr Sensoren<\/li>\n<li>Messung von Stand-, Gang-<br \/>und Hallenbesuchern<\/li>\n<li>Tages- und Stundenauswertung<\/li>\n<li>Standaktion-\/Exponatvergleich<\/li>\n<li>Besucherwege (ab 3 Sensoren)<\/li>\n<\/ul>\n<p>[\/et_pb_text][et_pb_image src=&#8220;https:\/\/expoloc.wum.de\/wp-content\/uploads\/2025\/11\/multi@2x.png&#8220; _builder_version=&#8220;4.27.4&#8243; _module_preset=&#8220;default&#8220; max_width=&#8220;300px&#8220; hover_enabled=&#8220;0&#8243; global_colors_info=&#8220;{}&#8220; sticky_enabled=&#8220;0&#8243;][\/et_pb_image][\/et_pb_column][\/et_pb_row][et_pb_row _builder_version=&#8220;4.22.2&#8243; _module_preset=&#8220;default&#8220; global_colors_info=&#8220;{}&#8220;][et_pb_column type=&#8220;4_4&#8243; _builder_version=&#8220;4.22.2&#8243; _module_preset=&#8220;default&#8220; global_colors_info=&#8220;{}&#8220;][et_pb_text _builder_version=&#8220;4.27.4&#8243; _module_preset=&#8220;default&#8220; custom_margin=&#8220;||10px||false|false&#8220; hover_enabled=&#8220;0&#8243; global_colors_info=&#8220;{}&#8220; sticky_enabled=&#8220;0&#8243;]<\/p>\n<h3><strong>ExpoLoc<\/strong> Leistungen<\/h3>\n<p>[\/et_pb_text][et_pb_image src=&#8220;https:\/\/expoloc.wum.de\/wp-content\/uploads\/2025\/11\/leistungstabelle@2x.png&#8220; show_bottom_space=&#8220;off&#8220; _builder_version=&#8220;4.27.4&#8243; _module_preset=&#8220;default&#8220; hover_enabled=&#8220;0&#8243; global_colors_info=&#8220;{}&#8220; sticky_enabled=&#8220;0&#8243;][\/et_pb_image][et_pb_text _builder_version=&#8220;4.22.2&#8243; _module_preset=&#8220;default&#8220; custom_margin=&#8220;10px||||false|false&#8220; global_colors_info=&#8220;{}&#8220;]<\/p>\n<p>Alle Preise netto ab Werk<\/p>\n<p>[\/et_pb_text][\/et_pb_column][\/et_pb_row][\/et_pb_section][et_pb_section fb_built=&#8220;1&#8243; module_id=&#8220;anfrage&#8220; _builder_version=&#8220;4.22.2&#8243; _module_preset=&#8220;default&#8220; background_image=&#8220;https:\/\/expoloc.wum.de\/wp-content\/uploads\/2023\/09\/datenspezialist.png&#8220; background_size=&#8220;custom&#8220; background_image_height=&#8220;450px&#8220; background_position=&#8220;bottom_right&#8220; background_horizontal_offset=&#8220;25%&#8220; min_height=&#8220;550px&#8220; min_height_tablet=&#8220;700px&#8220; min_height_phone=&#8220;900px&#8220; min_height_last_edited=&#8220;on|phone&#8220; custom_padding=&#8220;0px||||false|false&#8220; background_last_edited=&#8220;off|desktop&#8220; background_image_height_phone=&#8220;280px&#8220; locked=&#8220;off&#8220; global_colors_info=&#8220;{}&#8220;][et_pb_row column_structure=&#8220;3_5,2_5&#8243; _builder_version=&#8220;4.22.2&#8243; _module_preset=&#8220;default&#8220; custom_margin=&#8220;||||false|false&#8220; custom_padding=&#8220;||||false|false&#8220; global_colors_info=&#8220;{}&#8220;][et_pb_column type=&#8220;3_5&#8243; _builder_version=&#8220;4.22.2&#8243; _module_preset=&#8220;default&#8220; global_colors_info=&#8220;{}&#8220;][et_pb_text _builder_version=&#8220;4.22.2&#8243; _module_preset=&#8220;default&#8220; max_width=&#8220;700px&#8220; custom_padding=&#8220;10px|||20px|false|false&#8220; border_width_left=&#8220;2px&#8220; border_color_left=&#8220;#1a7ae6&#8243; locked=&#8220;off&#8220; global_colors_info=&#8220;{}&#8220;]<\/p>\n<h2>Lassen sie uns besprechen, wie sie <strong>ExpoLoc<\/strong> zu ihrem Vorteil nutzen.<\/h2>\n<p>[\/et_pb_text][et_pb_text _builder_version=&#8220;4.22.2&#8243; _module_preset=&#8220;default&#8220; text_font_size=&#8220;18px&#8220; max_width=&#8220;700px&#8220; custom_padding=&#8220;|||22px|false|false&#8220; locked=&#8220;off&#8220; global_colors_info=&#8220;{}&#8220;]<\/p>\n<p>Es ist spannend mit <strong>ExpoLoc<\/strong> Learnings \u00fcber das Verhalten der Messebesucher zu sammeln und den Messeauftritt damit Schritt f\u00fcr Schritt immer weiter zu optimieren. Gerne erl\u00e4utere ich Ihnen, wie.<\/p>\n<p>[\/et_pb_text][et_pb_button button_url=&#8220;https:\/\/outlook.office365.com\/owa\/calendar\/ExpoLoc@WUM.de\/bookings\/&#8220; url_new_window=&#8220;on&#8220; button_text=&#8220;Termin vereinbaren&#8220; _builder_version=&#8220;4.22.2&#8243; _module_preset=&#8220;default&#8220; custom_button=&#8220;on&#8220; button_text_size=&#8220;18px&#8220; button_bg_color=&#8220;#1a7ae6&#8243; button_border_radius=&#8220;6px&#8220; button_use_icon=&#8220;off&#8220; background_layout=&#8220;dark&#8220; custom_margin=&#8220;|||20px|false|false&#8220; global_colors_info=&#8220;{}&#8220;][\/et_pb_button][\/et_pb_column][et_pb_column type=&#8220;2_5&#8243; _builder_version=&#8220;4.22.2&#8243; _module_preset=&#8220;default&#8220; global_colors_info=&#8220;{}&#8220;][\/et_pb_column][\/et_pb_row][\/et_pb_section]<\/p>\n","protected":false},"excerpt":{"rendered":"<p>ExpoLoc erfasst und lokalisiert die Handys der MessebesucherMit ExpoLoc lernen Sie die Reaktionen der Messebesucher auf Ihre Messepr\u00e4senz in Zahlen kennen. Hierf\u00fcr misst der Sensor Anzahl und Aufenthaltszeit der Besucher auf dem Messestand, in bestimmten Zonen auf dem Stand, im Messegang und in einem Umkreis von 50&nbsp;m in der Halle.ExpoLoc Sensor Der Kleine mit dem [&hellip;]<\/p>\n","protected":false},"author":3,"featured_media":0,"parent":0,"menu_order":0,"comment_status":"closed","ping_status":"closed","template":"","meta":{"_et_pb_use_builder":"on","_et_pb_old_content":"","_et_gb_content_width":"","inline_featured_image":false,"footnotes":""},"class_list":["post-13","page","type-page","status-publish","hentry"],"yoast_head":"<!-- This site is optimized with the Yoast SEO plugin v27.2 - https:\/\/yoast.com\/product\/yoast-seo-wordpress\/ -->\n<title>Home - ExpoLoc<\/title>\n<meta name=\"robots\" content=\"index, follow, max-snippet:-1, max-image-preview:large, max-video-preview:-1\" \/>\n<link rel=\"canonical\" href=\"https:\/\/expoloc.wum.de\/\" \/>\n<meta property=\"og:locale\" content=\"de_DE\" \/>\n<meta property=\"og:type\" content=\"article\" \/>\n<meta property=\"og:title\" content=\"Home - ExpoLoc\" \/>\n<meta property=\"og:description\" content=\"ExpoLoc erfasst und lokalisiert die Handys der MessebesucherMit ExpoLoc lernen Sie die Reaktionen der Messebesucher auf Ihre Messepr\u00e4senz in Zahlen kennen. Hierf\u00fcr misst der Sensor Anzahl und Aufenthaltszeit der Besucher auf dem Messestand, in bestimmten Zonen auf dem Stand, im Messegang und in einem Umkreis von 50&nbsp;m in der Halle.ExpoLoc Sensor Der Kleine mit dem [&hellip;]\" \/>\n<meta property=\"og:url\" content=\"https:\/\/expoloc.wum.de\/\" \/>\n<meta property=\"og:site_name\" content=\"ExpoLoc\" \/>\n<meta property=\"article:modified_time\" content=\"2025-11-20T10:41:20+00:00\" \/>\n<meta name=\"twitter:card\" content=\"summary_large_image\" \/>\n<meta name=\"twitter:label1\" content=\"Gesch\u00e4tzte Lesezeit\" \/>\n\t<meta name=\"twitter:data1\" content=\"4\u00a0Minuten\" \/>\n<script type=\"application\/ld+json\" class=\"yoast-schema-graph\">{\"@context\":\"https:\/\/schema.org\",\"@graph\":[{\"@type\":\"WebPage\",\"@id\":\"https:\/\/expoloc.wum.de\/\",\"url\":\"https:\/\/expoloc.wum.de\/\",\"name\":\"Home - ExpoLoc\",\"isPartOf\":{\"@id\":\"https:\/\/expoloc.wum.de\/#website\"},\"datePublished\":\"2023-10-02T13:58:19+00:00\",\"dateModified\":\"2025-11-20T10:41:20+00:00\",\"breadcrumb\":{\"@id\":\"https:\/\/expoloc.wum.de\/#breadcrumb\"},\"inLanguage\":\"de\",\"potentialAction\":[{\"@type\":\"ReadAction\",\"target\":[\"https:\/\/expoloc.wum.de\/\"]}]},{\"@type\":\"BreadcrumbList\",\"@id\":\"https:\/\/expoloc.wum.de\/#breadcrumb\",\"itemListElement\":[{\"@type\":\"ListItem\",\"position\":1,\"name\":\"Startseite\",\"item\":\"https:\/\/expoloc.wum.de\/\"},{\"@type\":\"ListItem\",\"position\":2,\"name\":\"Home\"}]},{\"@type\":\"WebSite\",\"@id\":\"https:\/\/expoloc.wum.de\/#website\",\"url\":\"https:\/\/expoloc.wum.de\/\",\"name\":\"ExpoLoc\",\"description\":\"Intelligente Besuchermessung\",\"potentialAction\":[{\"@type\":\"SearchAction\",\"target\":{\"@type\":\"EntryPoint\",\"urlTemplate\":\"https:\/\/expoloc.wum.de\/?s={search_term_string}\"},\"query-input\":{\"@type\":\"PropertyValueSpecification\",\"valueRequired\":true,\"valueName\":\"search_term_string\"}}],\"inLanguage\":\"de\"}]}<\/script>\n<!-- \/ Yoast SEO plugin. -->","yoast_head_json":{"title":"Home - ExpoLoc","robots":{"index":"index","follow":"follow","max-snippet":"max-snippet:-1","max-image-preview":"max-image-preview:large","max-video-preview":"max-video-preview:-1"},"canonical":"https:\/\/expoloc.wum.de\/","og_locale":"de_DE","og_type":"article","og_title":"Home - ExpoLoc","og_description":"ExpoLoc erfasst und lokalisiert die Handys der MessebesucherMit ExpoLoc lernen Sie die Reaktionen der Messebesucher auf Ihre Messepr\u00e4senz in Zahlen kennen. Hierf\u00fcr misst der Sensor Anzahl und Aufenthaltszeit der Besucher auf dem Messestand, in bestimmten Zonen auf dem Stand, im Messegang und in einem Umkreis von 50&nbsp;m in der Halle.ExpoLoc Sensor Der Kleine mit dem [&hellip;]","og_url":"https:\/\/expoloc.wum.de\/","og_site_name":"ExpoLoc","article_modified_time":"2025-11-20T10:41:20+00:00","twitter_card":"summary_large_image","twitter_misc":{"Gesch\u00e4tzte Lesezeit":"4\u00a0Minuten"},"schema":{"@context":"https:\/\/schema.org","@graph":[{"@type":"WebPage","@id":"https:\/\/expoloc.wum.de\/","url":"https:\/\/expoloc.wum.de\/","name":"Home - ExpoLoc","isPartOf":{"@id":"https:\/\/expoloc.wum.de\/#website"},"datePublished":"2023-10-02T13:58:19+00:00","dateModified":"2025-11-20T10:41:20+00:00","breadcrumb":{"@id":"https:\/\/expoloc.wum.de\/#breadcrumb"},"inLanguage":"de","potentialAction":[{"@type":"ReadAction","target":["https:\/\/expoloc.wum.de\/"]}]},{"@type":"BreadcrumbList","@id":"https:\/\/expoloc.wum.de\/#breadcrumb","itemListElement":[{"@type":"ListItem","position":1,"name":"Startseite","item":"https:\/\/expoloc.wum.de\/"},{"@type":"ListItem","position":2,"name":"Home"}]},{"@type":"WebSite","@id":"https:\/\/expoloc.wum.de\/#website","url":"https:\/\/expoloc.wum.de\/","name":"ExpoLoc","description":"Intelligente Besuchermessung","potentialAction":[{"@type":"SearchAction","target":{"@type":"EntryPoint","urlTemplate":"https:\/\/expoloc.wum.de\/?s={search_term_string}"},"query-input":{"@type":"PropertyValueSpecification","valueRequired":true,"valueName":"search_term_string"}}],"inLanguage":"de"}]}},"_links":{"self":[{"href":"https:\/\/expoloc.wum.de\/index.php?rest_route=\/wp\/v2\/pages\/13","targetHints":{"allow":["GET"]}}],"collection":[{"href":"https:\/\/expoloc.wum.de\/index.php?rest_route=\/wp\/v2\/pages"}],"about":[{"href":"https:\/\/expoloc.wum.de\/index.php?rest_route=\/wp\/v2\/types\/page"}],"author":[{"embeddable":true,"href":"https:\/\/expoloc.wum.de\/index.php?rest_route=\/wp\/v2\/users\/3"}],"replies":[{"embeddable":true,"href":"https:\/\/expoloc.wum.de\/index.php?rest_route=%2Fwp%2Fv2%2Fcomments&post=13"}],"version-history":[{"count":65,"href":"https:\/\/expoloc.wum.de\/index.php?rest_route=\/wp\/v2\/pages\/13\/revisions"}],"predecessor-version":[{"id":464,"href":"https:\/\/expoloc.wum.de\/index.php?rest_route=\/wp\/v2\/pages\/13\/revisions\/464"}],"wp:attachment":[{"href":"https:\/\/expoloc.wum.de\/index.php?rest_route=%2Fwp%2Fv2%2Fmedia&parent=13"}],"curies":[{"name":"wp","href":"https:\/\/api.w.org\/{rel}","templated":true}]}}